



{"id":2,"date":"2023-08-20T14:32:52","date_gmt":"2023-08-20T12:32:52","guid":{"rendered":"https:\/\/zbigniew.mozdzen.pl\/?page_id=2"},"modified":"2023-08-27T20:28:56","modified_gmt":"2023-08-27T18:28:56","slug":"przykladowa-strona","status":"publish","type":"page","link":"https:\/\/zbigniew.mozdzen.pl\/","title":{"rendered":"G\u0142osuj na mnie!"},"content":{"rendered":"<div id=\"wppb-builder-container\" class=\"wppb-builder-container\">                <div  class=\"wppb-row-parent  wppb-row-1693151386181 \"  >\n\t\t\t\t\t\n\t\t\t\t\t\t\t\t\t\t\n\t\t\t\t\t\t\t\t\t\t\n\t\t\t\t\t<div class=\"wppb-container wppb-container-full wppb-contaner-no-gutter\">\n\t\t\t\t\t\t\t\t\t\t\t\t\t\n                        <div class=\"wppb-row\">\n\t\t\t\t\t\t\t                                    <div  class=\"wppb-column-parent wppb-column-parent-view wppb-col-1693151386180  \"  >\n                                        <div class=\"wppb-column\">\n\t\t\t\t\t\n\t\t\t\t\t\t\t\t\t\t\t\n                                            <div class=\"wppb-builder-addons\">\n\t\t\t\t\t\t\t\t\t\t\t\t<div class='wppb-builder-addon wppb-addon-1693151427185'  data-addon-id='1693151427185'><div class='wppb-addon'><div class=\"wppb-image-addon\"><figure class=\"wppb-image-addon-content-wrap\"><div class=\"wppb-image-addon-content wppb-imginlineblock\"><img decoding=\"async\" class=\"wppb-image-addon-img\" src=\"https:\/\/zbigniew.mozdzen.pl\/wp-content\/uploads\/2023\/09\/12.jpg\" alt=\"\"><\/div><\/figure><\/div><\/div><\/div>                                            <\/div>\n                                        <\/div>\n                                    <\/div>\n\t\t\t\t\t\t\t\t\t                        <\/div>\n\n                    <\/div>\n                <\/div>\n\t\t\t\t                <div  class=\"wppb-row-parent  wppb-row-1693160217727 \"  >\n\t\t\t\t\t\n\t\t\t\t\t\t\t\t\t\t\n\t\t\t\t\t\t\t\t\t\t\n\t\t\t\t\t<div class=\"wppb-container \">\n\t\t\t\t\t\t\t\t\t\t\t\t\t\n                        <div class=\"wppb-row\">\n\t\t\t\t\t\t\t                                    <div  class=\"wppb-column-parent wppb-column-parent-view wppb-col-1693160217726  \"  >\n                                        <div class=\"wppb-column\">\n\t\t\t\t\t\n\t\t\t\t\t\t\t\t\t\t\t\n                                            <div class=\"wppb-builder-addons\">\n\t\t\t\t\t\t\t\t\t\t\t\t<div class='wppb-builder-addon wppb-addon-1693160453902'  data-addon-id='1693160453902'><div class='wppb-addon'><div class=\"wppb-text-block-addon\"><div class=\"wppb-text-block-content 0\"><div class=\"x6prxxf x1fc57z9 x1yc453h x126k92a x14ctfv\" dir=\"auto\" role=\"none\"><span class=\"Y2IQFc\" lang=\"pl\">Mened\u017cer<\/span>, przedsi\u0119biorca, rolnik, spo\u0142ecznik i samorz\u0105dowiec.<\/div><div dir=\"auto\" role=\"none\">\u00a0<\/div><div class=\"x6prxxf x1fc57z9 x1yc453h x126k92a x14ctfv\" dir=\"auto\" role=\"none\">Z wykszta\u0142cenia magister prawa administracyjnego.<\/div><div dir=\"auto\" role=\"none\">\u00a0<\/div><div class=\"x6prxxf x1fc57z9 x1yc453h x126k92a x14ctfv\" dir=\"auto\" role=\"none\">Radny Rady Miasta Jaros\u0142awia - dw\u00f3ch kadencji III i IV.\u00a0<\/div><div class=\"x6prxxf x1fc57z9 x1yc453h x126k92a x14ctfv\" dir=\"auto\" role=\"none\">Posiada wieloletnie do\u015bwiadczenie w pisaniu, realizacji i ewaluacji projekt\u00f3w finansowanych z Unii Europejskiej. Od 11 lat pe\u0142ni funkcj\u0119 Prezesa sp\u00f3\u0142ki komunalnej PGK \u201eEko-Strug\u201d Sp. z o.o. w Tyczynie, od 5 lat Prezesa Przedsi\u0119biorstwa Spo\u0142ecznego PGK \"Eko-Strug Bis\" Sp. z o.o. w Tyczynie., od 6 lat Prezesa Fundacji dr\u00f3g kulturowych w Jaros\u0142awiu, jeszcze wcze\u015bniej g\u0142\u00f3wny specjalista z zakresu kontroli w Urz\u0119dzie Marsza\u0142kowskim. Firma <a href=\"https:\/\/moc.biz.pl\" target=\"_blank\" rel=\"noopener\">MOC sp. z o.o.<\/a> z siedzib\u0105 w Jaros\u0142awiu, kt\u00f3r\u0105 prowadzi wraz z rodzin\u0105 posiada dwa patenty o zasi\u0119gu ca\u0142ej Unii Europejskiej i daje szanse na rozw\u00f3j wsp\u00f3\u0142pracuj\u0105cym firmom.<\/div><div class=\"x6prxxf x1fc57z9 x1yc453h x126k92a x14ctfv\" dir=\"auto\" role=\"none\">Ponadto prowadzi gospodarstwo rolne.<\/div><div dir=\"auto\" role=\"none\">\u00a0<\/div><div class=\"x6prxxf x1fc57z9 x1yc453h x126k92a x14ctfv\" dir=\"auto\" role=\"none\">Prywatnie tato dw\u00f3ch syn\u00f3w, z kt\u00f3rych rodzinami lubi sp\u0119dza\u0107 czas wolny.<\/div><\/div><\/div><\/div><\/div>                                            <\/div>\n                                        <\/div>\n                                    <\/div>\n\t\t\t\t\t\t\t\t\t                        <\/div>\n\n                    <\/div>\n                <\/div>\n\t\t\t\t                <div  class=\"wppb-row-parent  wppb-row-1694977076540 \"  >\n\t\t\t\t\t\n\t\t\t\t\t\t\t\t\t\t\n\t\t\t\t\t\t\t\t\t\t\n\t\t\t\t\t<div class=\"wppb-container \">\n\t\t\t\t\t\t\t\t\t\t\t\t\t\n                        <div class=\"wppb-row\">\n\t\t\t\t\t\t\t                                    <div  class=\"wppb-column-parent wppb-column-parent-view wppb-col-1694977076539  \"  >\n                                        <div class=\"wppb-column\">\n\t\t\t\t\t\n\t\t\t\t\t\t\t\t\t\t\t\n                                            <div class=\"wppb-builder-addons\">\n\t\t\t\t\t\t\t\t\t\t\t\t<div class='wppb-builder-addon wppb-widget-1694977086272 wppb-addon-1694977086272'  data-addon-id='1694977086272'><div class='wppb-widget'>\n\t\t\n\t\t<h5>Ostatnie wpisy<\/h5>\n\t\t<ul>\n\t\t\t\t\t\t\t\t\t\t\t<li>\n\t\t\t\t\t<a href=\"https:\/\/zbigniew.mozdzen.pl\/index.php\/2023\/10\/13\/glosowanie-przez-internet\/\">G\u0142osowanie przez Internet<\/a>\n\t\t\t\t\t\t\t\t\t<\/li>\n\t\t\t\t\t\t\t\t\t\t\t<li>\n\t\t\t\t\t<a href=\"https:\/\/zbigniew.mozdzen.pl\/index.php\/2023\/10\/12\/wsparcie-w-kryzysie\/\">WSPARCIE W KRYZYSIE:<\/a>\n\t\t\t\t\t\t\t\t\t<\/li>\n\t\t\t\t\t\t\t\t\t\t\t<li>\n\t\t\t\t\t<a href=\"https:\/\/zbigniew.mozdzen.pl\/index.php\/2023\/10\/11\/radio-rzeszow-debata-z-moim-udzialem\/\">Radio Rzesz\u00f3w &#8211; debata z moim udzia\u0142em<\/a>\n\t\t\t\t\t\t\t\t\t<\/li>\n\t\t\t\t\t\t\t\t\t\t\t<li>\n\t\t\t\t\t<a href=\"https:\/\/zbigniew.mozdzen.pl\/index.php\/2023\/10\/09\/koalicja-obywatelska-2\/\">Koalicja Obywatelska<\/a>\n\t\t\t\t\t\t\t\t\t<\/li>\n\t\t\t\t\t\t\t\t\t\t\t<li>\n\t\t\t\t\t<a href=\"https:\/\/zbigniew.mozdzen.pl\/index.php\/2023\/10\/06\/koalicja-obywatelska\/\">Koalicja Obywatelska<\/a>\n\t\t\t\t\t\t\t\t\t<\/li>\n\t\t\t\t\t\t\t\t\t\t\t<li>\n\t\t\t\t\t<a href=\"https:\/\/zbigniew.mozdzen.pl\/index.php\/2023\/10\/04\/pamietaj\/\">Pami\u0119taj<\/a>\n\t\t\t\t\t\t\t\t\t<\/li>\n\t\t\t\t\t\t\t\t\t\t\t<li>\n\t\t\t\t\t<a href=\"https:\/\/zbigniew.mozdzen.pl\/index.php\/2023\/09\/29\/jakie-sa-obowiazki-posla-po-wyborach\/\">Jakie s\u0105 obowi\u0105zki pos\u0142a po wyborach?<\/a>\n\t\t\t\t\t\t\t\t\t<\/li>\n\t\t\t\t\t\t\t\t\t\t\t<li>\n\t\t\t\t\t<a href=\"https:\/\/zbigniew.mozdzen.pl\/index.php\/2023\/09\/28\/glosuj-na-mnie\/\">Glosuj na mnie!<\/a>\n\t\t\t\t\t\t\t\t\t<\/li>\n\t\t\t\t\t\t\t\t\t\t\t<li>\n\t\t\t\t\t<a href=\"https:\/\/zbigniew.mozdzen.pl\/index.php\/2023\/09\/27\/czym-rozni-sie-glosowanie-w-okregu-jednomandatowym-od-glosowania-w-okregu-wielomandatowym\/\">Czym r\u00f3\u017cni si\u0119 g\u0142osowanie w okr\u0119gu jednomandatowym od g\u0142osowania w okr\u0119gu wielomandatowym?<\/a>\n\t\t\t\t\t\t\t\t\t<\/li>\n\t\t\t\t\t\t\t\t\t\t\t<li>\n\t\t\t\t\t<a href=\"https:\/\/zbigniew.mozdzen.pl\/index.php\/2023\/09\/26\/debata-z-moim-udzialem\/\">Debata z moim udzia\u0142em<\/a>\n\t\t\t\t\t\t\t\t\t<\/li>\n\t\t\t\t\t<\/ul>\n\n\t\t<\/div><\/div>                                            <\/div>\n                                        <\/div>\n                                    <\/div>\n\t\t\t\t\t\t\t\t\t                        <\/div>\n\n                    <\/div>\n                <\/div>\n\t\t\t\t<\/div>","protected":false},"excerpt":{"rendered":"<p>Mened\u017cer, przedsi\u0119biorca, rolnik, spo\u0142ecznik i samorz\u0105dowiec.\u00a0Z wykszta\u0142cenia magister prawa administracyjnego.\u00a0Radny Rady Miasta Jaros\u0142awia &#8211; dw\u00f3ch kadencji III i IV.\u00a0Posiada wieloletnie do\u015bwiadczenie w pisaniu, realizacji i ewaluacji projekt\u00f3w finansowanych z Unii Europejskiej. Od 11 lat pe\u0142ni funkcj\u0119 Prezesa sp\u00f3\u0142ki komunalnej PGK \u201eEko-Strug\u201d Sp. z o.o. w Tyczynie, od 5 lat Prezesa Przedsi\u0119biorstwa Spo\u0142ecznego PGK &#8222;Eko-Strug Bis&#8221; [&hellip;]<\/p>\n","protected":false},"author":1,"featured_media":0,"parent":0,"menu_order":0,"comment_status":"closed","ping_status":"open","template":"","meta":{"_monsterinsights_skip_tracking":false,"_monsterinsights_sitenote_active":false,"_monsterinsights_sitenote_note":"","_monsterinsights_sitenote_category":0,"footnotes":""},"class_list":["post-2","page","type-page","status-publish","hentry"],"_links":{"self":[{"href":"https:\/\/zbigniew.mozdzen.pl\/index.php\/wp-json\/wp\/v2\/pages\/2","targetHints":{"allow":["GET"]}}],"collection":[{"href":"https:\/\/zbigniew.mozdzen.pl\/index.php\/wp-json\/wp\/v2\/pages"}],"about":[{"href":"https:\/\/zbigniew.mozdzen.pl\/index.php\/wp-json\/wp\/v2\/types\/page"}],"author":[{"embeddable":true,"href":"https:\/\/zbigniew.mozdzen.pl\/index.php\/wp-json\/wp\/v2\/users\/1"}],"replies":[{"embeddable":true,"href":"https:\/\/zbigniew.mozdzen.pl\/index.php\/wp-json\/wp\/v2\/comments?post=2"}],"version-history":[{"count":2,"href":"https:\/\/zbigniew.mozdzen.pl\/index.php\/wp-json\/wp\/v2\/pages\/2\/revisions"}],"predecessor-version":[{"id":16,"href":"https:\/\/zbigniew.mozdzen.pl\/index.php\/wp-json\/wp\/v2\/pages\/2\/revisions\/16"}],"wp:attachment":[{"href":"https:\/\/zbigniew.mozdzen.pl\/index.php\/wp-json\/wp\/v2\/media?parent=2"}],"curies":[{"name":"wp","href":"https:\/\/api.w.org\/{rel}","templated":true}]}}