



{"id":24,"date":"2023-08-27T21:57:46","date_gmt":"2023-08-27T19:57:46","guid":{"rendered":"https:\/\/zbigniew.mozdzen.pl\/?page_id=24"},"modified":"2023-09-17T15:01:17","modified_gmt":"2023-09-17T13:01:17","slug":"404-nie-mozna-znalezc-zadanej-podstrony","status":"publish","type":"page","link":"https:\/\/zbigniew.mozdzen.pl\/index.php\/404-nie-mozna-znalezc-zadanej-podstrony\/","title":{"rendered":"404"},"content":{"rendered":"\n<p>nie mo\u017cna znale\u017a\u0107 \u017c\u0105danej podstrony,<\/p>\n\n\n\n<h2 class=\"wp-block-heading has-vivid-cyan-blue-color has-text-color\">Ale TY w\u0142a\u015bnie wybra\u0142e\u015b w\u0142a\u015bciwego kandydata na pos\u0142a !<\/h2>\n\n\n\n<figure class=\"wp-block-image size-large\"><img loading=\"lazy\" decoding=\"async\" width=\"1443\" height=\"722\" src=\"https:\/\/zbigniew.mozdzen.pl\/wp-content\/uploads\/2023\/09\/12-1024x512.jpg\" alt=\"Zbigniew Mo\u017cd\u017ce\u0144, Okr\u0119g nr 23 Pozycja nr 12, Kandydat na pos\u0142a\" class=\"wp-image-30\" srcset=\"https:\/\/zbigniew.mozdzen.pl\/wp-content\/uploads\/2023\/09\/12-1024x512.jpg 1024w, https:\/\/zbigniew.mozdzen.pl\/wp-content\/uploads\/2023\/09\/12-300x150.jpg 300w, https:\/\/zbigniew.mozdzen.pl\/wp-content\/uploads\/2023\/09\/12-768x384.jpg 768w, https:\/\/zbigniew.mozdzen.pl\/wp-content\/uploads\/2023\/09\/12.jpg 1443w\" sizes=\"auto, (max-width: 1443px) 100vw, 1443px\" \/><figcaption class=\"wp-element-caption\">Zbigniew Mo\u017cd\u017ce\u0144,   Okr\u0119g nr 23 Pozycja nr 12, Kandydat na pos\u0142a<\/figcaption><\/figure>\n","protected":false},"excerpt":{"rendered":"<p>nie mo\u017cna znale\u017a\u0107 \u017c\u0105danej podstrony, Ale TY w\u0142a\u015bnie wybra\u0142e\u015b w\u0142a\u015bciwego kandydata na pos\u0142a !<\/p>\n","protected":false},"author":1,"featured_media":0,"parent":0,"menu_order":0,"comment_status":"closed","ping_status":"closed","template":"","meta":{"_monsterinsights_skip_tracking":false,"_monsterinsights_sitenote_active":false,"_monsterinsights_sitenote_note":"","_monsterinsights_sitenote_category":0,"footnotes":""},"class_list":["post-24","page","type-page","status-publish","hentry"],"_links":{"self":[{"href":"https:\/\/zbigniew.mozdzen.pl\/index.php\/wp-json\/wp\/v2\/pages\/24","targetHints":{"allow":["GET"]}}],"collection":[{"href":"https:\/\/zbigniew.mozdzen.pl\/index.php\/wp-json\/wp\/v2\/pages"}],"about":[{"href":"https:\/\/zbigniew.mozdzen.pl\/index.php\/wp-json\/wp\/v2\/types\/page"}],"author":[{"embeddable":true,"href":"https:\/\/zbigniew.mozdzen.pl\/index.php\/wp-json\/wp\/v2\/users\/1"}],"replies":[{"embeddable":true,"href":"https:\/\/zbigniew.mozdzen.pl\/index.php\/wp-json\/wp\/v2\/comments?post=24"}],"version-history":[{"count":4,"href":"https:\/\/zbigniew.mozdzen.pl\/index.php\/wp-json\/wp\/v2\/pages\/24\/revisions"}],"predecessor-version":[{"id":31,"href":"https:\/\/zbigniew.mozdzen.pl\/index.php\/wp-json\/wp\/v2\/pages\/24\/revisions\/31"}],"wp:attachment":[{"href":"https:\/\/zbigniew.mozdzen.pl\/index.php\/wp-json\/wp\/v2\/media?parent=24"}],"curies":[{"name":"wp","href":"https:\/\/api.w.org\/{rel}","templated":true}]}}